{"id":1590,"date":"2017-02-11T07:28:17","date_gmt":"2017-02-11T06:28:17","guid":{"rendered":"http:\/\/consulting.stylemixthemes.com\/demo\/?page_id=1590"},"modified":"2018-08-14T10:01:23","modified_gmt":"2018-08-14T08:01:23","slug":"o-nas","status":"publish","type":"page","link":"https:\/\/progroupe.net\/sk\/o-nas\/","title":{"rendered":"O n\u00e1s"},"content":{"rendered":"<div class=\"wpb-content-wrapper\"><p>[vc_row full_width=&#8221;stretch_row&#8221; css=&#8221;.vc_custom_1515694021968{margin-top: -15px !important;margin-bottom: 55px !important;padding-top: 55px !important;padding-bottom: 78px !important;background-color: #f2f2f2 !important;}&#8221;][vc_column width=&#8221;7\/12&#8243;][vc_custom_heading text=&#8221;O n\u00e1s&#8221; font_container=&#8221;tag:h3|text_align:left&#8221; google_fonts=&#8221;font_family:Montserrat%3Aregular%2C700|font_style:700%20bold%20regular%3A700%3Anormal&#8221; css=&#8221;.vc_custom_1515693915170{margin-bottom: 39px !important;}&#8221;][vc_column_text css=&#8221;.vc_custom_1522158712890{margin-bottom: 25px !important;}&#8221;]<strong>Progroupe je mlad\u00e1 a inovat\u00edvna spolo\u010dnos\u0165, ktor\u00e1 sa \u0161pecializuje na odstra\u0148ovanie a odvod\u0148ovanie sedimentov z dna riek, jazier, lag\u00fan, kan\u00e1lov, n\u00e1dr\u017e\u00ed, vodn\u00fdch diel a in\u00fdch vodn\u00fdch pl\u00f4ch.<br \/>\n<\/strong>[\/vc_column_text][vc_column_text]<span style=\"font-weight: 400;\">Sedimentuj\u00faci \u00edl, hlina a piesok pomaly nar\u00fa\u0161aj\u00fa kvalitu vodn\u00fdch zdrojov. Pou\u017eit\u00edm pokro\u010dilej technol\u00f3gie \u0165a\u017eby a spracovania sedimentov Progroupe v\u00fdznamne zvy\u0161uje kvalitu t\u00fdchto zdrojov t\u00fdm, \u017ee:<\/span><\/p>\n<ul>\n<li><strong> \u00a0\u00a0\u00a0\u00a0\u00a0\u00a0\u00a0Obnovuje p\u00f4vodn\u00fd objem n\u00e1dr\u017e\u00ed<\/strong><\/li>\n<li><strong> \u00a0\u00a0\u00a0\u00a0\u00a0\u00a0\u00a0Roz\u0161iruje a udr\u017eiava toky pre vodn\u00fa dopravu<\/strong><\/li>\n<li><strong> \u00a0\u00a0\u00a0\u00a0\u00a0\u00a0\u00a0\u010cist\u00ed jazer\u00e1 a rybn\u00edky<\/strong><\/li>\n<\/ul>\n<p><span style=\"display: block; line-height: 22px;\"><span style=\"font-weight: 400;\">Na\u0161a spolo\u010dnos\u0165 vznikla na z\u00e1klade prirodzen\u00e9ho dopytu po t\u00fdchto slu\u017eb\u00e1ch a <\/span><span style=\"font-weight: 400;\">je jedin\u00e1<\/span><span style=\"font-weight: 400;\"> v oblasti strednej Eur\u00f3py, ktor\u00e1 poskytuje odvod\u0148ovacie slu\u017eby tohto typu.<\/span><span style=\"font-weight: 400;\"><br \/>\n<\/span><span style=\"font-weight: 400;\"><br \/>\n<\/span><span style=\"font-weight: 400;\">Progroupe bol zalo\u017een\u00fd v roku 2012. Napriek n\u00e1\u0161mu mlad\u00e9mu veku m\u00e1me mnohoro\u010dn\u00e9 sk\u00fasenosti z\u00edskan\u00e9 spolupr\u00e1cou so sesterskou spolo\u010dnos\u0165ou Prolake, ktor\u00e1 v tejto oblasti pracuje od roku 2006.<\/span><br \/>\n<\/span>[\/vc_column_text][vc_column_text]<\/p>\n<blockquote style=\"background-color: #ffffff;\"><p><span style=\"display: block; line-height: 22px;\"><span style=\"font-weight: 400;\">\u00dazko spolupracujeme s na\u0161imi z\u00e1kazn\u00edkmi na v\u00fdvoji procesov a syst\u00e9mov, ktor\u00e9 s pou\u017eit\u00edm najmodernej\u0161\u00edch technol\u00f3gi\u00ed sp\u013a\u0148aj\u00fa tie najpr\u00edsnej\u0161ie po\u017eiadavky na \u0165a\u017ebu a separ\u00e1ciu sedimentov.<\/span><br \/>\n<\/span><\/p><\/blockquote>\n<p>[\/vc_column_text][vc_column_text]<span style=\"display: block; line-height: 22px;\"><span style=\"font-weight: 400;\">N\u00e1\u0161 t\u00edm m\u00e1 roky sk\u00fasenost\u00ed v oblasti revitaliz\u00e1cie vodn\u00fdch pl\u00f4ch a je tvoren\u00fd vysoko profesion\u00e1lnymi \u0161pecialistami, ktor\u00ed s\u00fa pripraven\u00ed reagova\u0165 r\u00fdchlo a flexibilne aby naplnili Va\u0161e potreby.<\/span><span style=\"font-weight: 400;\"><br \/>\n<\/span><span style=\"font-weight: 400;\"><br \/>\n<\/span><span style=\"font-weight: 400;\">Ak aktu\u00e1lne stoj\u00edte pred nevyrie\u0161en\u00fdm probl\u00e9mom v oblasti \u0165a\u017eby a separ\u00e1cie sedimentov, sme tu pre V\u00e1s.<br \/>\n<\/span><\/span>[\/vc_column_text][\/vc_column][vc_column width=&#8221;5\/12&#8243;][vc_column_text]<iframe loading=\"lazy\" src=\"https:\/\/www.youtube.com\/embed\/XTvQwPmuxiQ?rel=0&amp;showinfo=0\" width=\"560\" height=\"315\" frameborder=\"0\" allowfullscreen=\"allowfullscreen\"><\/iframe>[\/vc_column_text][\/vc_column][\/vc_row][vc_row][vc_column][vc_custom_heading text=&#8221;Environment\u00e1lne v\u00fdhody na\u0161ej technol\u00f3gie&#8221; font_container=&#8221;tag:h3|text_align:left&#8221; google_fonts=&#8221;font_family:Montserrat%3Aregular%2C700|font_style:700%20bold%20regular%3A700%3Anormal&#8221; css=&#8221;.vc_custom_1515692374288{margin-bottom: 39px !important;}&#8221;][\/vc_column][\/vc_row][vc_row equal_height=&#8221;yes&#8221;][vc_column offset=&#8221;vc_col-lg-4 vc_col-md-4&#8243;][stm_icon_box hide_title_line=&#8221;hide_title_line&#8221; icon=&#8221;fa fa-university&#8221; style=&#8221;icon_left&#8221; icon_size=&#8221;22&#8243; icon_color=&#8221;base&#8221; icon_bg_color=&#8221;third_bg&#8221; icon_width=&#8221;70&#8243; title=&#8221;Technol\u00f3gia&#8221; css=&#8221;.vc_custom_1515692952417{margin-bottom: 28px !important;}&#8221;]Technol\u00f3gia umo\u017e\u0148uje pres\u00fava\u0165 od\u0165a\u017een\u00fd sediment v potrub\u00ed do vzdialenosti a\u017e 1,5 km od miesta \u0165a\u017eby, tak\u017ee pri\u013eahl\u00e9 oblasti nie s\u00fa vystaven\u00e9 zv\u00fd\u0161enej hlu\u010dnosti a prachu,[\/stm_icon_box][\/vc_column][vc_column offset=&#8221;vc_col-lg-4 vc_col-md-4&#8243;][stm_icon_box hide_title_line=&#8221;hide_title_line&#8221; icon=&#8221;stm-diamond&#8221; style=&#8221;icon_left&#8221; icon_size=&#8221;20&#8243; icon_color=&#8221;base&#8221; icon_bg_color=&#8221;third_bg&#8221; icon_width=&#8221;70&#8243; title=&#8221;Sediment&#8221; css=&#8221;.vc_custom_1515693358050{margin-bottom: 28px !important;}&#8221;]Sediment je mo\u017en\u00e9 od\u0165a\u017ei\u0165 len do po\u017eadovanej h\u013abky bez nutnosti odstr\u00e1nenia spodn\u00fdch n\u00e1nosov sedimentu, \u010do umo\u017e\u0148uje zachova\u0165 p\u00f4vodn\u00fd ekosyst\u00e9m,[\/stm_icon_box][\/vc_column][vc_column offset=&#8221;vc_col-lg-4 vc_col-md-4&#8243;][stm_icon_box hide_title_line=&#8221;hide_title_line&#8221; icon=&#8221;stm-cart_13&#8243; style=&#8221;icon_left&#8221; icon_size=&#8221;20&#8243; icon_color=&#8221;base&#8221; icon_bg_color=&#8221;third_bg&#8221; icon_width=&#8221;70&#8243; title=&#8221;Priestor&#8221; css=&#8221;.vc_custom_1515693343105{margin-bottom: 28px !important;}&#8221;]<span style=\"font-weight: 400;\">Technol\u00f3gia nevy\u017eaduje ve\u013ea priestoru. Vy\u017eaduje iba okolo 2000 m<\/span><span style=\"font-weight: 400;\">2 <\/span><span style=\"font-weight: 400;\">zastavanej plochy, \u010do zni\u017euje celkov\u00fa environment\u00e1lnu z\u00e1\u0165a\u017e pri\u013eahl\u00fdch oblast\u00ed v priebehu a po\u010das \u0165a\u017eby,<\/span>[\/stm_icon_box][\/vc_column][\/vc_row][vc_row equal_height=&#8221;yes&#8221; css=&#8221;.vc_custom_1515693460369{margin-top: -10px !important;}&#8221;][vc_column offset=&#8221;vc_col-lg-4 vc_col-md-4&#8243;][stm_icon_box hide_title_line=&#8221;hide_title_line&#8221; icon=&#8221;stm-airplane&#8221; style=&#8221;icon_left&#8221; icon_size=&#8221;16&#8243; icon_color=&#8221;base&#8221; icon_bg_color=&#8221;third_bg&#8221; icon_width=&#8221;70&#8243; title=&#8221;Kvalita &#8221; css=&#8221;.vc_custom_1515692938154{margin-bottom: 28px !important;}&#8221;]Kvalita vody sa po\u010das separ\u00e1cie sedimentu nezni\u017euje,[\/stm_icon_box][\/vc_column][vc_column offset=&#8221;vc_col-lg-4 vc_col-md-4&#8243;][stm_icon_box hide_title_line=&#8221;hide_title_line&#8221; icon=&#8221;fa fa-unlock-alt&#8221; style=&#8221;icon_left&#8221; icon_size=&#8221;28&#8243; icon_color=&#8221;base&#8221; icon_bg_color=&#8221;third_bg&#8221; icon_width=&#8221;70&#8243; title=&#8221;Bezpe\u010die&#8221; css=&#8221;.vc_custom_1515693514807{margin-bottom: 28px !important;}&#8221;]<span style=\"font-weight: 400;\">Technol\u00f3gia je obzvl\u00e1\u0161\u0165 vhodn\u00e1 pre pr\u00e1cu s kontaminovan\u00fdm sedimentom,<\/span>[\/stm_icon_box][\/vc_column][vc_column offset=&#8221;vc_col-lg-4 vc_col-md-4&#8243;][stm_icon_box hide_title_line=&#8221;hide_title_line&#8221; icon=&#8221;stm-truck&#8221; style=&#8221;icon_left&#8221; icon_size=&#8221;18&#8243; icon_color=&#8221;base&#8221; icon_bg_color=&#8221;third_bg&#8221; icon_width=&#8221;70&#8243; title=&#8221;Efektivita&#8221;]<span style=\"display: block; line-height: 24px;\"><span style=\"font-weight: 400;\">Zv\u00fd\u0161enie \u00fa\u010dinnosti priehrad a vodn\u00fdch diel po\u010das z\u00e1plav,<\/span><\/span>[\/stm_icon_box][\/vc_column][\/vc_row][vc_row equal_height=&#8221;yes&#8221; css=&#8221;.vc_custom_1515693466010{margin-bottom: 30px !important;padding-bottom: 30px !important;}&#8221;][vc_column offset=&#8221;vc_col-lg-4 vc_col-md-4&#8243;][stm_icon_box hide_title_line=&#8221;hide_title_line&#8221; icon=&#8221;stm-chart-refresh&#8221; style=&#8221;icon_left&#8221; icon_size=&#8221;22&#8243; icon_color=&#8221;base&#8221; icon_bg_color=&#8221;third_bg&#8221; icon_width=&#8221;70&#8243; title=&#8221;Separ\u00e1cia&#8221; css=&#8221;.vc_custom_1515693546832{margin-bottom: 28px !important;}&#8221;]<span style=\"font-weight: 400;\">Mo\u017enos\u0165 \u010fal\u0161ieho vyu\u017eitia a spracovania separovan\u00e9ho sedimentu,<\/span>[\/stm_icon_box][\/vc_column][vc_column offset=&#8221;vc_col-lg-4 vc_col-md-4&#8243;][stm_icon_box hide_title_line=&#8221;hide_title_line&#8221; icon=&#8221;fa fa-recycle&#8221; style=&#8221;icon_left&#8221; icon_size=&#8221;28&#8243; icon_color=&#8221;base&#8221; icon_bg_color=&#8221;third_bg&#8221; icon_width=&#8221;70&#8243; title=&#8221;Sekund\u00e1rne vyu\u017eitie&#8221; css=&#8221;.vc_custom_1515693533028{margin-bottom: 28px !important;}&#8221;]<span style=\"font-weight: 400;\">Mo\u017enos\u0165 sekund\u00e1rneho vyu\u017eitia separovan\u00e9ho sedimentu napr. pre kompost, izol\u00e1ciu alebo skl\u00e1dky odpadu.<\/span>[\/stm_icon_box][\/vc_column][vc_column offset=&#8221;vc_col-lg-4 vc_col-md-4&#8243;][vc_column_text][\/vc_column_text][\/vc_column][\/vc_row][vc_row full_width=&#8221;stretch_row&#8221; equal_height=&#8221;yes&#8221; el_class=&#8221;about-bg-right&#8221;][vc_column width=&#8221;2\/3&#8243; css=&#8221;.vc_custom_1515694402288{margin-top: 40px !important;margin-bottom: 40px !important;padding-left: 40px !important;background-color: #f2f2f2 !important;}&#8221;][vc_custom_heading text=&#8221;Soci\u00e1lna zodpovednos\u0165&#8221; font_container=&#8221;tag:h3|text_align:left&#8221; google_fonts=&#8221;font_family:Montserrat%3Aregular%2C700|font_style:700%20bold%20regular%3A700%3Anormal&#8221; css=&#8221;.vc_custom_1515692395509{margin-top: 50px !important;margin-bottom: 25px !important;}&#8221;][vc_column_text css=&#8221;.vc_custom_1522159895806{margin-bottom: 22px !important;}&#8221;]<strong>Pon\u00fakame inovat\u00edvne rie\u0161enia pre dosiahnutie udr\u017eate\u013en\u00e9ho v\u00fdvoja v odvetv\u00ed \u0165a\u017eby a spracovania sedimentu. Na\u0161a technol\u00f3gia mechanickej separ\u00e1cie sedimentu prin\u00e1\u0161a nielen vy\u0161\u0161iu ekonomick\u00fa efektivitu vyu\u017e\u00edvania vodn\u00fdch n\u00e1dr\u017e\u00ed, ale tie\u017e okam\u017eite zni\u017euje environment\u00e1lnu z\u00e1\u0165a\u017e.<\/strong><\/p>\n<blockquote><p><span style=\"font-weight: 400;\">Iba funguj\u00face a udr\u017eiavan\u00e9 pr\u00edrodn\u00e9 alebo umel\u00e9 vodn\u00e9 zdroje umo\u017e\u0148uj\u00fa ich efekt\u00edvne vyu\u017eitie.<\/span><\/p><\/blockquote>\n<p><span style=\"font-weight: 400;\">P\u00f4vodn\u00e1 my\u0161lienka na\u0161ej technol\u00f3gie priniesla netradi\u010dn\u00fa met\u00f3du mechanickej separ\u00e1cie sedimentov s vyu\u017eit\u00edm vysokor\u00fdchlostn\u00fdch odstrediviek. V \u010dasoch rast\u00facej industrializ\u00e1cie a urbaniz\u00e1cie oblast\u00ed v okol\u00ed pr\u00edrodn\u00fdch vodn\u00fdch zdrojov ako aj vodn\u00fdch stavieb u\u017e nebolo mo\u017en\u00e9 vyu\u017ei\u0165 klasick\u00e9 \u201emokr\u00e9\u201c sp\u00f4soby, kde zrieden\u00fd sediment je na\u010derpan\u00fd do rozmern\u00fdch lag\u00fan aby vyschol prirodzene po\u010das dlhej doby.<\/span><\/p>\n<p><span style=\"display: block; line-height: 22px;\">Spojen\u00edm know-how na\u0161ich partnerov, pou\u017eit\u00edm vhodn\u00e9ho technologick\u00e9ho rie\u0161enia a postupn\u00fdm zvy\u0161ovan\u00edm odbornosti v tejto oblasti sa n\u00e1m podarilo vybudova\u0165 spolo\u010dnos\u0165 poskytuj\u00facu vysoko profesion\u00e1lne slu\u017eby v odbore \u0165a\u017eby, odvod\u0148ovanie a revitaliz\u00e1cie vodn\u00fdch pl\u00f4ch. Sme jednou z m\u00e1la spolo\u010dnost\u00ed v strednej Eur\u00f3pe, ktor\u00e1 pracuje s komplexn\u00fdmi sac\u00edmi a odvod\u0148ovac\u00edmi strojmi pre separ\u00e1ciu sedimentu z dna vodn\u00fdch pl\u00f4ch s maxim\u00e1lnou dennou produkciou a\u017e 1 200 ton odvodnen\u00e9ho sedimentu.<\/span>[\/vc_column_text][vc_empty_space][\/vc_column][vc_column width=&#8221;1\/3&#8243; css=&#8221;.vc_custom_1515694201861{padding-top: 52px !important;padding-bottom: 95px !important;background-image: url(http:\/\/progroupe.net\/new\/wp-content\/uploads\/2017\/03\/page2_album101.jpg?id=233) !important;background-position: center !important;background-repeat: no-repeat !important;background-size: cover !important;}&#8221; el_class=&#8221;about_full-right_width&#8221;][\/vc_column][\/vc_row][vc_row css=&#8221;.vc_custom_1485599609272{margin-bottom: 35px !important;}&#8221;][vc_column][vc_custom_heading text=&#8221;N\u00e1\u0161 team&#8221; font_container=&#8221;tag:h3|text_align:left&#8221; google_fonts=&#8221;font_family:Montserrat%3Aregular%2C700|font_style:700%20bold%20regular%3A700%3Anormal&#8221; css=&#8221;.vc_custom_1515692490545{margin-top: 50px !important;margin-bottom: 30px !important;}&#8221;][stm_staff_list style=&#8221;grid&#8221; grid_view=&#8221;short&#8221; per_row=&#8221;4&#8243; count=&#8221;8&#8243; link=&#8221;url:https%3A%2F%2Fprogroupe.net%2Fcontact%2F|||&#8221; link_text=&#8221;Kontakt&#8221;][\/vc_column][\/vc_row][vc_row full_width=&#8221;stretch_row&#8221; css=&#8221;.vc_custom_1485599202663{padding-top: 44px !important;padding-bottom: 44px !important;background-color: #f2f2f2 !important;}&#8221;][vc_column][stm_image_carousel grayscale=&#8221;yes&#8221; img_size=&#8221;180&#215;96&#8243; items_mobile=&#8221;2&#8243; images=&#8221;933,931,926,274,275,276,266,250,252&#8243;][\/vc_column][\/vc_row][vc_row full_width=&#8221;stretch_row&#8221; el_class=&#8221;third_bg_color&#8221; css=&#8221;.vc_custom_1451889219674{margin-bottom: -60px !important;}&#8221;][vc_column][vc_cta h2=&#8221;H\u013ead\u00e1te spo\u013eahliv\u00e9ho partnera pre projekt revitaliz\u00e1cie vodnej plochy?&#8221; h2_font_container=&#8221;font_size:20px|color:%23000000|line_height:24px&#8221; h2_use_theme_fonts=&#8221;yes&#8221; shape=&#8221;square&#8221; style=&#8221;flat&#8221; add_button=&#8221;right&#8221; btn_title=&#8221;Kontakt&#8221; btn_style=&#8221;flat&#8221; btn_color=&#8221;theme_style_2&#8243; btn_align=&#8221;right&#8221; btn_i_align=&#8221;right&#8221; btn_i_icon_fontawesome=&#8221;fa fa-chevron-right&#8221; use_custom_fonts_h2=&#8221;true&#8221; btn_button_block=&#8221;true&#8221; btn_add_icon=&#8221;true&#8221; el_class=&#8221;third_bg_color&#8221; css=&#8221;.vc_custom_1523620341702{margin-bottom: 0px !important;}&#8221; btn_link=&#8221;url:https%3A%2F%2Fprogroupe.net%2Fkontakt%2F|||&#8221;][\/vc_cta][\/vc_column][\/vc_row]<\/p>\n<\/div>","protected":false},"excerpt":{"rendered":"<p>[vc_row full_width=&#8221;stretch_row&#8221; css=&#8221;.vc_custom_1515694021968{margin-top: -15px !important;margin-bottom: 55px !important;padding-top: 55px !important;padding-bottom: 78px !important;background-color: #f2f2f2 !important;}&#8221;][vc_column width=&#8221;7\/12&#8243;][vc_custom_heading text=&#8221;O n\u00e1s&#8221; font_container=&#8221;tag:h3|text_align:left&#8221; google_fonts=&#8221;font_family:Montserrat%3Aregular%2C700|font_style:700%20bold%20regular%3A700%3Anormal&#8221; css=&#8221;.vc_custom_1515693915170{margin-bottom: 39px !important;}&#8221;][vc_column_text css=&#8221;.vc_custom_1522158712890{margin-bottom: 25px !important;}&#8221;]Progroupe je mlad\u00e1 a inovat\u00edvna spolo\u010dnos\u0165, ktor\u00e1 sa \u0161pecializuje na odstra\u0148ovanie a odvod\u0148ovanie sedimentov z dna riek, jazier, lag\u00fan, kan\u00e1lov, n\u00e1dr\u017e\u00ed, vodn\u00fdch diel a in\u00fdch vodn\u00fdch pl\u00f4ch. [\/vc_column_text][vc_column_text]Sedimentuj\u00faci \u00edl, hlina a piesok<\/p>\n","protected":false},"author":1,"featured_media":36,"parent":0,"menu_order":0,"comment_status":"closed","ping_status":"closed","template":"","meta":[],"_links":{"self":[{"href":"https:\/\/progroupe.net\/sk\/wp-json\/wp\/v2\/pages\/1590"}],"collection":[{"href":"https:\/\/progroupe.net\/sk\/wp-json\/wp\/v2\/pages"}],"about":[{"href":"https:\/\/progroupe.net\/sk\/wp-json\/wp\/v2\/types\/page"}],"author":[{"embeddable":true,"href":"https:\/\/progroupe.net\/sk\/wp-json\/wp\/v2\/users\/1"}],"replies":[{"embeddable":true,"href":"https:\/\/progroupe.net\/sk\/wp-json\/wp\/v2\/comments?post=1590"}],"version-history":[{"count":48,"href":"https:\/\/progroupe.net\/sk\/wp-json\/wp\/v2\/pages\/1590\/revisions"}],"predecessor-version":[{"id":3914,"href":"https:\/\/progroupe.net\/sk\/wp-json\/wp\/v2\/pages\/1590\/revisions\/3914"}],"wp:featuredmedia":[{"embeddable":true,"href":"https:\/\/progroupe.net\/sk\/wp-json\/wp\/v2\/media\/36"}],"wp:attachment":[{"href":"https:\/\/progroupe.net\/sk\/wp-json\/wp\/v2\/media?parent=1590"}],"curies":[{"name":"wp","href":"https:\/\/api.w.org\/{rel}","templated":true}]}}