{"id":2309,"date":"2018-01-14T21:02:13","date_gmt":"2018-01-14T20:02:13","guid":{"rendered":"http:\/\/progroupe.net\/new\/?page_id=2309"},"modified":"2018-09-28T09:42:11","modified_gmt":"2018-09-28T07:42:11","slug":"geovaky","status":"publish","type":"page","link":"https:\/\/progroupe.net\/sk\/technologie\/geovaky\/","title":{"rendered":"Geovak"},"content":{"rendered":"<div class=\"wpb-content-wrapper\"><p>[vc_row css=&#8221;.vc_custom_1515969284011{margin-bottom: 100px !important;background-color: #f2f2f2 !important;}&#8221;][vc_column offset=&#8221;vc_col-lg-9 vc_col-md-9&#8243; css=&#8221;.vc_custom_1515970339184{padding-top: 15px !important;background-color: #ffffff !important;}&#8221;][vc_single_image source=&#8221;featured_image&#8221; img_size=&#8221;stm-image-1110&#215;550-croped&#8221; alignment=&#8221;center&#8221; css=&#8221;.vc_custom_1521607058286{margin-bottom: 45px !important;}&#8221;][vc_custom_heading source=&#8221;post_title&#8221; use_theme_fonts=&#8221;yes&#8221; css=&#8221;.vc_custom_1515969488083{padding-right: 20px !important;padding-left: 20px !important;}&#8221;][vc_column_text css=&#8221;.vc_custom_1533553857197{margin-bottom: 25px !important;padding-right: 20px !important;padding-left: 20px !important;}&#8221;]<\/p>\n<h5><b>Geovaky s\u00fa vyroben\u00e9 z polypropyl\u00e9novej alebo polyesterovej tkaniny. Vaky s\u00fa tkan\u00e9 tak, \u017ee medzery medzi jednotliv\u00fdmi vl\u00e1knami s\u00fa ve\u013emi mal\u00e9. Vaky tak p\u00f4sobia ako objemn\u00e9 sito, cez ktor\u00e9 voda prete\u010die, ale sediment ostane uv\u00e4znen\u00fd vo vn\u00fatri. Prim\u00e1rnou silou p\u00f4sobiacou na \u010dastice pri separ\u00e1cii je gravit\u00e1cia, ale pri plnen\u00ed vaku na predp\u00edsan\u00fd tlak je \u010diasto\u010dne vplyv gravit\u00e1cie nav\u00fd\u0161en\u00fd silou, ktor\u00fa vyv\u00edja \u010derpadlo dod\u00e1vaj\u00face do vaku od\u0165a\u017een\u00fd sediment.<\/b><\/h5>\n<p>V pr\u00edpade, \u017ee je potrebn\u00e9 separova\u0165 jemn\u00fd sediment, je nutn\u00e9 do pr\u00fadu zvodnen\u00e9ho sedimentu d\u00e1vkova\u0165 vhodn\u00fd flokulant pre podporenie filtra\u010dnej funkcie geovaku.\u00a0 V\u00fdsledkom je maxim\u00e1lne vyu\u017eitie objemu geovaku sedimentami a vysok\u00e1 \u010distota filtr\u00e1tu.<\/p>\n<p>Ke\u010f\u017ee filtr\u00e1t z vaku nekontrolovane unik\u00e1 cel\u00fdm povrchom, je vhodn\u00e9 miesto pre ulo\u017eenie geovaku na t\u00fato skuto\u010dnos\u0165 pripravi\u0165 budovan\u00edm \u0161trkov\u00e9ho l\u00f4\u017eka. Na pripraven\u00e9 \u0161trkov\u00e9 l\u00f4\u017eko je mo\u017en\u00e9 geovaky ulo\u017ei\u0165 vo viacer\u00fdch vrstv\u00e1ch, a vytvori\u0165 vertik\u00e1lne \u010dlenit\u00fd priestor.<\/p>\n<p>Geovak je pou\u017eite\u013en\u00fd jednor\u00e1zovo. Po jeho naplnen\u00ed a vysu\u0161en\u00ed sedimentu vak otvor\u00edme a odvodnen\u00e9 sedimenty deponujeme na zne\u0161kodnenie alebo zhodnotenie vr\u00e1tane zvy\u0161kov\u00e9ho materi\u00e1lu geovaku. V konkr\u00e9tnych pr\u00edpadoch je mo\u017en\u00e9 naplnen\u00e9 geovaky vyu\u017ei\u0165 ako stavebn\u00e9 resp. stabiliza\u010dn\u00e9 prvky n\u00e1sypov, hr\u00e1dz, bari\u00e9r a prvkov parkovej architekt\u00fary.<\/p>\n<p>Geovaky je mo\u017en\u00e9 vyrobi\u0165 v r\u00f4znych ve\u013ekostiach (t.j. v r\u00f4znych obvodoch a d\u013a\u017ekach) pre r\u00f4zne objemy separovan\u00e9ho sedimentu. Jedin\u00fdm obmedzen\u00edm je tak hmotnos\u0165 a rozmery zbalen\u00e9ho geovaku pre transport a manipul\u00e1ciu na mieste projektu.[\/vc_column_text][vc_images_carousel images=&#8221;4422,4420,4418,4425&#8243; img_size=&#8221;full&#8221;][\/vc_column][vc_column width=&#8221;1\/4&#8243; offset=&#8221;vc_hidden-sm vc_hidden-xs&#8221;][stm_sidebar sidebar=&#8221;2144&#8243;][\/vc_column][\/vc_row][vc_row full_width=&#8221;stretch_row&#8221; css=&#8221;.vc_custom_1459505959648{margin-bottom: -60px !important;}&#8221; el_class=&#8221;third_bg_color&#8221;][vc_column][vc_cta h2=&#8221;Chcete vedie\u0165 viac? Op\u00fdtajte sa n\u00e1s.&#8221; h2_font_container=&#8221;font_size:20px|color:%23ffffff|line_height:24px&#8221; h2_use_theme_fonts=&#8221;yes&#8221; shape=&#8221;square&#8221; style=&#8221;flat&#8221; add_button=&#8221;right&#8221; btn_title=&#8221;Kontakt&#8221; btn_style=&#8221;flat&#8221; btn_color=&#8221;theme_style_2&#8243; btn_align=&#8221;right&#8221; btn_i_align=&#8221;right&#8221; btn_i_icon_fontawesome=&#8221;fa fa-chevron-right&#8221; use_custom_fonts_h2=&#8221;true&#8221; btn_add_icon=&#8221;true&#8221; btn_link=&#8221;url:%2Fkontakt%2F|||&#8221; el_class=&#8221;third_bg_color&#8221; css=&#8221;.vc_custom_1516014765186{margin-bottom: 0px !important;}&#8221;][\/vc_cta][\/vc_column][\/vc_row]<\/p>\n<\/div>","protected":false},"excerpt":{"rendered":"<p>[vc_row css=&#8221;.vc_custom_1515969284011{margin-bottom: 100px !important;background-color: #f2f2f2 !important;}&#8221;][vc_column offset=&#8221;vc_col-lg-9 vc_col-md-9&#8243; css=&#8221;.vc_custom_1515970339184{padding-top: 15px !important;background-color: #ffffff !important;}&#8221;][vc_single_image source=&#8221;featured_image&#8221; img_size=&#8221;stm-image-1110&#215;550-croped&#8221; alignment=&#8221;center&#8221; css=&#8221;.vc_custom_1521607058286{margin-bottom: 45px !important;}&#8221;][vc_custom_heading source=&#8221;post_title&#8221; use_theme_fonts=&#8221;yes&#8221; css=&#8221;.vc_custom_1515969488083{padding-right: 20px !important;padding-left: 20px !important;}&#8221;][vc_column_text css=&#8221;.vc_custom_1533553857197{margin-bottom: 25px !important;padding-right: 20px !important;padding-left: 20px !important;}&#8221;] Geovaky s\u00fa vyroben\u00e9 z polypropyl\u00e9novej alebo polyesterovej tkaniny. Vaky s\u00fa tkan\u00e9 tak, \u017ee medzery medzi jednotliv\u00fdmi vl\u00e1knami s\u00fa ve\u013emi mal\u00e9. Vaky tak<\/p>\n","protected":false},"author":1,"featured_media":3547,"parent":2189,"menu_order":0,"comment_status":"closed","ping_status":"closed","template":"","meta":[],"_links":{"self":[{"href":"https:\/\/progroupe.net\/sk\/wp-json\/wp\/v2\/pages\/2309"}],"collection":[{"href":"https:\/\/progroupe.net\/sk\/wp-json\/wp\/v2\/pages"}],"about":[{"href":"https:\/\/progroupe.net\/sk\/wp-json\/wp\/v2\/types\/page"}],"author":[{"embeddable":true,"href":"https:\/\/progroupe.net\/sk\/wp-json\/wp\/v2\/users\/1"}],"replies":[{"embeddable":true,"href":"https:\/\/progroupe.net\/sk\/wp-json\/wp\/v2\/comments?post=2309"}],"version-history":[{"count":17,"href":"https:\/\/progroupe.net\/sk\/wp-json\/wp\/v2\/pages\/2309\/revisions"}],"predecessor-version":[{"id":4427,"href":"https:\/\/progroupe.net\/sk\/wp-json\/wp\/v2\/pages\/2309\/revisions\/4427"}],"up":[{"embeddable":true,"href":"https:\/\/progroupe.net\/sk\/wp-json\/wp\/v2\/pages\/2189"}],"wp:featuredmedia":[{"embeddable":true,"href":"https:\/\/progroupe.net\/sk\/wp-json\/wp\/v2\/media\/3547"}],"wp:attachment":[{"href":"https:\/\/progroupe.net\/sk\/wp-json\/wp\/v2\/media?parent=2309"}],"curies":[{"name":"wp","href":"https:\/\/api.w.org\/{rel}","templated":true}]}}