{"id":2351,"date":"2018-01-15T12:04:01","date_gmt":"2018-01-15T11:04:01","guid":{"rendered":"http:\/\/progroupe.net\/new\/?page_id=2351"},"modified":"2018-08-14T09:50:28","modified_gmt":"2018-08-14T07:50:28","slug":"deset-pg-tl","status":"publish","type":"page","link":"https:\/\/progroupe.net\/sk\/technologie\/technologia-deset\/deset-pg-tl\/","title":{"rendered":"DESET PG-TL"},"content":{"rendered":"<div class=\"wpb-content-wrapper\"><p>[vc_row css=&#8221;.vc_custom_1515969284011{margin-bottom: 100px !important;background-color: #f2f2f2 !important;}&#8221;][vc_column offset=&#8221;vc_col-lg-9 vc_col-md-9&#8243; css=&#8221;.vc_custom_1515970339184{padding-top: 15px !important;background-color: #ffffff !important;}&#8221;][vc_single_image source=&#8221;featured_image&#8221; img_size=&#8221;stm-image-1110&#215;550-croped&#8221; css=&#8221;.vc_custom_1519497730049{margin-bottom: 45px !important;}&#8221;][vc_custom_heading source=&#8221;post_title&#8221; use_theme_fonts=&#8221;yes&#8221; css=&#8221;.vc_custom_1515969488083{padding-right: 20px !important;padding-left: 20px !important;}&#8221;][vc_column_text css=&#8221;.vc_custom_1533553613526{margin-bottom: 25px !important;padding-right: 20px !important;padding-left: 20px !important;}&#8221;]<\/p>\n<h5><b>Ke\u010f\u017ee PROGROUPE db\u00e1 na po\u017eiadavky trhu, rozhodol sa vytvori\u0165 najmen\u0161iu technologick\u00fa jednotku DESET \u2013 DESET PG-TL. S dekant\u00e9rom Flottweg Z23 je t\u00e1to jednotka navrhnut\u00e1 ako sk\u00fa\u0161obn\u00e1 jednotka na predv\u00e1dzacie \u00fa\u010dely a testovanie na mieste projektu. <\/b><\/h5>\n<p>Technologick\u00e1 linka DESET PG-TL vyu\u017e\u00edva jednostup\u0148ov\u00fd technologick\u00fd proces. Spracovanie sedimentu prebieha oddelen\u00edm vody od pevn\u00fdch l\u00e1tok (sedimentu) v dekanta\u010dnej odstredivke Z23, ktor\u00e1 s vyu\u017eit\u00edm roztoku flokulantu maximalizuje produkciu odvodnen\u00fdch sedimentov a zabezpe\u010duje po\u017eadovan\u00fa \u010distotu (kvalitu) filtr\u00e1tu.<\/p>\n<p><span style=\"font-weight: 400;\">Cel\u00e1 jednotka bola navrhnut\u00e1 s oh\u013eadom na transportovate\u013enos\u0165 a zn\u00ed\u017eenie hmotnosti. Mont\u00e1\u017e DESET PG-TL trv\u00e1 2 technikom iba p\u00e1r hod\u00edn.<del><\/del> PG-TL pou\u017e\u00edva biologicky odb\u00farate\u013en\u00e9 maziv\u00e1 a v \u017eiadnej \u010dasti svojho \u017eivotn\u00e9ho cyklu nepo\u0161kodzuje \u017eivotn\u00e9 prostredie.<br \/>\n<\/span><\/p>\n<p><span style=\"font-weight: 400;\">V\u0161etky \u010dasti jednotky DESET boli zmen\u0161en\u00e9 a zjednodu\u0161en\u00e9 tak, aby zvl\u00e1dli pr\u00e1cu s mal\u00fdm dekant\u00e9rom Z23. Objemn\u00e9 n\u00e1dr\u017ee z liniek DESET sme nahradili univerz\u00e1lnymi n\u00e1dobami s objemom 500 l, pri\u010dom potrebn\u00e9 premie\u0161anie zmes\u00ed zabezpe\u010duj\u00fa jednoduch\u00e9 priemyseln\u00e9 mie\u0161adl\u00e1.<br \/>\n<\/span><\/p>\n<p>DESET PG-TL je linka umiestnen\u00e1 v \u0161tandardnom 20&#8243; lodnom kontajneri, \u010do zjednodu\u0161uje transport kami\u00f3novou, vlakovou aj lodnou dopravou.[\/vc_column_text][vc_images_carousel images=&#8221;4155,4157,4159,4162&#8243; img_size=&#8221;full&#8221;][\/vc_column][vc_column width=&#8221;1\/4&#8243; offset=&#8221;vc_hidden-sm vc_hidden-xs&#8221;][stm_sidebar sidebar=&#8221;2144&#8243;][\/vc_column][\/vc_row][vc_row full_width=&#8221;stretch_row&#8221; css=&#8221;.vc_custom_1459505959648{margin-bottom: -60px !important;}&#8221; el_class=&#8221;third_bg_color&#8221;][vc_column][vc_cta h2=&#8221;Chcete vedie\u0165 viac? Op\u00fdtajte sa n\u00e1s.&#8221; h2_font_container=&#8221;font_size:20px|color:%23ffffff|line_height:24px&#8221; h2_use_theme_fonts=&#8221;yes&#8221; shape=&#8221;square&#8221; style=&#8221;flat&#8221; add_button=&#8221;right&#8221; btn_title=&#8221;Kontakt&#8221; btn_style=&#8221;flat&#8221; btn_color=&#8221;theme_style_2&#8243; btn_align=&#8221;right&#8221; btn_i_align=&#8221;right&#8221; btn_i_icon_fontawesome=&#8221;fa fa-chevron-right&#8221; use_custom_fonts_h2=&#8221;true&#8221; btn_add_icon=&#8221;true&#8221; btn_link=&#8221;url:%2Fkontakt%2F|||&#8221; el_class=&#8221;third_bg_color&#8221; css=&#8221;.vc_custom_1516014765186{margin-bottom: 0px !important;}&#8221;][\/vc_cta][\/vc_column][\/vc_row]<\/p>\n<\/div>","protected":false},"excerpt":{"rendered":"<p>[vc_row css=&#8221;.vc_custom_1515969284011{margin-bottom: 100px !important;background-color: #f2f2f2 !important;}&#8221;][vc_column offset=&#8221;vc_col-lg-9 vc_col-md-9&#8243; css=&#8221;.vc_custom_1515970339184{padding-top: 15px !important;background-color: #ffffff !important;}&#8221;][vc_single_image source=&#8221;featured_image&#8221; img_size=&#8221;stm-image-1110&#215;550-croped&#8221; css=&#8221;.vc_custom_1519497730049{margin-bottom: 45px !important;}&#8221;][vc_custom_heading source=&#8221;post_title&#8221; use_theme_fonts=&#8221;yes&#8221; css=&#8221;.vc_custom_1515969488083{padding-right: 20px !important;padding-left: 20px !important;}&#8221;][vc_column_text css=&#8221;.vc_custom_1533553613526{margin-bottom: 25px !important;padding-right: 20px !important;padding-left: 20px !important;}&#8221;] Ke\u010f\u017ee PROGROUPE db\u00e1 na po\u017eiadavky trhu, rozhodol sa vytvori\u0165 najmen\u0161iu technologick\u00fa jednotku DESET \u2013 DESET PG-TL. S dekant\u00e9rom Flottweg Z23 je t\u00e1to jednotka<\/p>\n","protected":false},"author":1,"featured_media":3543,"parent":2357,"menu_order":0,"comment_status":"closed","ping_status":"closed","template":"","meta":[],"_links":{"self":[{"href":"https:\/\/progroupe.net\/sk\/wp-json\/wp\/v2\/pages\/2351"}],"collection":[{"href":"https:\/\/progroupe.net\/sk\/wp-json\/wp\/v2\/pages"}],"about":[{"href":"https:\/\/progroupe.net\/sk\/wp-json\/wp\/v2\/types\/page"}],"author":[{"embeddable":true,"href":"https:\/\/progroupe.net\/sk\/wp-json\/wp\/v2\/users\/1"}],"replies":[{"embeddable":true,"href":"https:\/\/progroupe.net\/sk\/wp-json\/wp\/v2\/comments?post=2351"}],"version-history":[{"count":15,"href":"https:\/\/progroupe.net\/sk\/wp-json\/wp\/v2\/pages\/2351\/revisions"}],"predecessor-version":[{"id":4245,"href":"https:\/\/progroupe.net\/sk\/wp-json\/wp\/v2\/pages\/2351\/revisions\/4245"}],"up":[{"embeddable":true,"href":"https:\/\/progroupe.net\/sk\/wp-json\/wp\/v2\/pages\/2357"}],"wp:featuredmedia":[{"embeddable":true,"href":"https:\/\/progroupe.net\/sk\/wp-json\/wp\/v2\/media\/3543"}],"wp:attachment":[{"href":"https:\/\/progroupe.net\/sk\/wp-json\/wp\/v2\/media?parent=2351"}],"curies":[{"name":"wp","href":"https:\/\/api.w.org\/{rel}","templated":true}]}}