{"id":2357,"date":"2018-01-15T12:05:17","date_gmt":"2018-01-15T11:05:17","guid":{"rendered":"http:\/\/progroupe.net\/new\/?page_id=2357"},"modified":"2018-08-06T12:57:12","modified_gmt":"2018-08-06T10:57:12","slug":"technologia-deset","status":"publish","type":"page","link":"https:\/\/progroupe.net\/sk\/technologie\/technologia-deset\/","title":{"rendered":"Technol\u00f3gia DESET"},"content":{"rendered":"<div class=\"wpb-content-wrapper\"><p>[vc_row css=&#8221;.vc_custom_1515969284011{margin-bottom: 100px !important;background-color: #f2f2f2 !important;}&#8221;][vc_column offset=&#8221;vc_col-lg-9 vc_col-md-9&#8243; css=&#8221;.vc_custom_1515970339184{padding-top: 15px !important;background-color: #ffffff !important;}&#8221;][vc_single_image source=&#8221;featured_image&#8221; img_size=&#8221;stm-image-1110&#215;550-croped&#8221; css=&#8221;.vc_custom_1519500220317{margin-bottom: 45px !important;}&#8221;][vc_custom_heading source=&#8221;post_title&#8221; use_theme_fonts=&#8221;yes&#8221; css=&#8221;.vc_custom_1515969488083{padding-right: 20px !important;padding-left: 20px !important;}&#8221;][vc_column_text css=&#8221;.vc_custom_1533552911960{margin-bottom: 25px !important;padding-right: 20px !important;padding-left: 20px !important;}&#8221;]<\/p>\n<h5><b>Linku DESET\u00ae (DEwatering SEdiment Technology) tvoria unik\u00e1tne technologick\u00e9 celky, ktor\u00e9 umo\u017e\u0148uj\u00fa efekt\u00edvne a kontinu\u00e1lne spracovanie zmesi vody a sedimentu. Pr\u00edsun sedimentu dostato\u010dnej kvantity a kvality do technol\u00f3gie DESET zabezpe\u010duje pl\u00e1vaj\u00faci sac\u00ed bager s inteligentn\u00fdm syst\u00e9mom SMART DREDGING\u00ae.<\/b><\/h5>\n<p><span style=\"font-weight: 400;\">Vysok\u00e1 \u00fa\u010dinnos\u0165 a modularita technol\u00f3gi\u00ed umo\u017e\u0148uje prisp\u00f4sobi\u0165 sa po\u017eiadavk\u00e1m z\u00e1kazn\u00edkov na hodinov\u00fa produkciu alebo od\u0165a\u017eenie a spracovanie celkov\u00e9ho po\u017eadovan\u00e9ho mno\u017estva dnov\u00fdch sedimentov v stanovenom obdob\u00ed trvania projektu.<\/span><\/p>\n<p><span style=\"font-weight: 400;\">DESET\u00ae spolu s technol\u00f3giou SMART DREDGING\u00ae dok\u00e1\u017ee vy\u0165a\u017ei\u0165 maximum zo svojho technologick\u00e9ho potenci\u00e1lu pr\u00e1ve v\u010faka prepojeniu oboch syst\u00e9mov, ktor\u00e9 spolu bezdr\u00f4tovo komunikuj\u00fa.<\/span><\/p>\n<p><span style=\"font-weight: 400;\">Odvodnen\u00e9 sedimenty sa odv\u00e1\u017eaj\u00fa be\u017enou dopravnou technikou na zne\u0161kodnenie alebo ich zhodnotenie. Filtr\u00e1t (fug\u00e1t) sa vr\u00e1ti sp\u00e4\u0165 na svoje p\u00f4vodn\u00e9 miesto, do \u010distenej vodnej plochy.<\/span><\/p>\n<p><span style=\"font-weight: 400;\">Technol\u00f3giu mo\u017eno obsluhova\u0165 lok\u00e1lne, pomocou dotykovej obrazovky n\u00e1\u0161ho na mieru vyroben\u00e9ho softv\u00e9ru DEWASYS. Vybavenie a technick\u00e1 vyspelos\u0165 syst\u00e9mu DEWASYS umo\u017e\u0148uje kontrolu procesov a zjednodu\u0161en\u00e9 servisn\u00e9 z\u00e1sahy dia\u013ekovo \u2013 cez smartf\u00f3n, notebook alebo tablet z ak\u00e9hoko\u013evek miesta na Zemi, kde sa nach\u00e1dza pripojenie na internet.<\/span>[\/vc_column_text][vc_tta_accordion][vc_tta_section title=&#8221;DESET PG03&#8243; tab_id=&#8221;1522065884420-a4b7a146-823b&#8221;][vc_column_text]Technologick\u00e1 linka DESET PG03 je ur\u010den\u00e1 na kontinu\u00e1lne spracovanie dnov\u00fdch sedimentov.\u00a0Spojen\u00edm so sac\u00edm bagrom vznik\u00e1 rie\u0161enie odstra\u0148ovania a spracov\u00e1vania dnov\u00fdch sedimentov r\u00f4znych vlastnost\u00ed&#8230;<a href=\"https:\/\/progroupe.net\/technologie\/technologia-deset\/deset-pg03\/\">viac<\/a>[\/vc_column_text][\/vc_tta_section][vc_tta_section title=&#8221;DESET PG04&#8243; tab_id=&#8221;1522065884447-90609953-1467&#8243;][vc_column_text]Vyvinuli sme nov\u00fa technologick\u00fa jednotku DESET PG04, ktor\u00e1 sa od svojho predchodcu DESET PG03 l\u00ed\u0161i ni\u017e\u0161\u00edm v\u00fdkonom, men\u0161\u00edmi rozmermi a jednoduch\u0161\u00edm transportom&#8230;<a href=\"https:\/\/progroupe.net\/technologie\/technologia-deset\/deset-pg04\/\">viac<\/a>[\/vc_column_text][\/vc_tta_section][vc_tta_section title=&#8221;DESET PG-TL&#8221; tab_id=&#8221;1522065921138-7406f11b-346d&#8221;][vc_column_text]Na\u0161a najmen\u0161ia technologick\u00e1 jednotka. Cel\u00e1 jednotka bola navrhnut\u00e1 s oh\u013eadom na transportovate\u013enos\u0165 a zn\u00ed\u017eenie hmotnosti&#8230;<a href=\"https:\/\/progroupe.net\/technologie\/technologia-deset\/deset-pg-tl\/\">viac<\/a>[\/vc_column_text][\/vc_tta_section][\/vc_tta_accordion][vc_empty_space height=&#8221;10px&#8221;][vc_column_text]<iframe loading=\"lazy\" src=\"https:\/\/www.youtube.com\/embed\/4YnYQF7zoVU\" width=\"560\" height=\"315\" frameborder=\"0\" allowfullscreen=\"allowfullscreen\"><\/iframe>[\/vc_column_text][\/vc_column][vc_column width=&#8221;1\/4&#8243; offset=&#8221;vc_hidden-sm vc_hidden-xs&#8221;][stm_sidebar sidebar=&#8221;2144&#8243;][\/vc_column][\/vc_row][vc_row full_width=&#8221;stretch_row&#8221; css=&#8221;.vc_custom_1459505959648{margin-bottom: -60px !important;}&#8221; el_class=&#8221;third_bg_color&#8221;][vc_column][vc_cta h2=&#8221;Chcete vedie\u0165 viac? Op\u00fdtajte sa n\u00e1s.&#8221; h2_font_container=&#8221;font_size:20px|color:%23ffffff|line_height:24px&#8221; h2_use_theme_fonts=&#8221;yes&#8221; shape=&#8221;square&#8221; style=&#8221;flat&#8221; add_button=&#8221;right&#8221; btn_title=&#8221;Kontakt&#8221; btn_style=&#8221;flat&#8221; btn_color=&#8221;theme_style_2&#8243; btn_align=&#8221;right&#8221; btn_i_align=&#8221;right&#8221; btn_i_icon_fontawesome=&#8221;fa fa-chevron-right&#8221; use_custom_fonts_h2=&#8221;true&#8221; btn_add_icon=&#8221;true&#8221; btn_link=&#8221;url:%2Fkontakt%2F|||&#8221; el_class=&#8221;third_bg_color&#8221; css=&#8221;.vc_custom_1516014765186{margin-bottom: 0px !important;}&#8221;][\/vc_cta][\/vc_column][\/vc_row]<\/p>\n<\/div>","protected":false},"excerpt":{"rendered":"<p>[vc_row css=&#8221;.vc_custom_1515969284011{margin-bottom: 100px !important;background-color: #f2f2f2 !important;}&#8221;][vc_column offset=&#8221;vc_col-lg-9 vc_col-md-9&#8243; css=&#8221;.vc_custom_1515970339184{padding-top: 15px !important;background-color: #ffffff !important;}&#8221;][vc_single_image source=&#8221;featured_image&#8221; img_size=&#8221;stm-image-1110&#215;550-croped&#8221; css=&#8221;.vc_custom_1519500220317{margin-bottom: 45px !important;}&#8221;][vc_custom_heading source=&#8221;post_title&#8221; use_theme_fonts=&#8221;yes&#8221; css=&#8221;.vc_custom_1515969488083{padding-right: 20px !important;padding-left: 20px !important;}&#8221;][vc_column_text css=&#8221;.vc_custom_1533552911960{margin-bottom: 25px !important;padding-right: 20px !important;padding-left: 20px !important;}&#8221;] Linku DESET\u00ae (DEwatering SEdiment Technology) tvoria unik\u00e1tne technologick\u00e9 celky, ktor\u00e9 umo\u017e\u0148uj\u00fa efekt\u00edvne a kontinu\u00e1lne spracovanie zmesi vody a sedimentu. Pr\u00edsun sedimentu dostato\u010dnej kvantity<\/p>\n","protected":false},"author":1,"featured_media":3541,"parent":2189,"menu_order":0,"comment_status":"closed","ping_status":"closed","template":"","meta":[],"_links":{"self":[{"href":"https:\/\/progroupe.net\/sk\/wp-json\/wp\/v2\/pages\/2357"}],"collection":[{"href":"https:\/\/progroupe.net\/sk\/wp-json\/wp\/v2\/pages"}],"about":[{"href":"https:\/\/progroupe.net\/sk\/wp-json\/wp\/v2\/types\/page"}],"author":[{"embeddable":true,"href":"https:\/\/progroupe.net\/sk\/wp-json\/wp\/v2\/users\/1"}],"replies":[{"embeddable":true,"href":"https:\/\/progroupe.net\/sk\/wp-json\/wp\/v2\/comments?post=2357"}],"version-history":[{"count":27,"href":"https:\/\/progroupe.net\/sk\/wp-json\/wp\/v2\/pages\/2357\/revisions"}],"predecessor-version":[{"id":4239,"href":"https:\/\/progroupe.net\/sk\/wp-json\/wp\/v2\/pages\/2357\/revisions\/4239"}],"up":[{"embeddable":true,"href":"https:\/\/progroupe.net\/sk\/wp-json\/wp\/v2\/pages\/2189"}],"wp:featuredmedia":[{"embeddable":true,"href":"https:\/\/progroupe.net\/sk\/wp-json\/wp\/v2\/media\/3541"}],"wp:attachment":[{"href":"https:\/\/progroupe.net\/sk\/wp-json\/wp\/v2\/media?parent=2357"}],"curies":[{"name":"wp","href":"https:\/\/api.w.org\/{rel}","templated":true}]}}