{"id":2364,"date":"2018-01-15T12:07:00","date_gmt":"2018-01-15T11:07:00","guid":{"rendered":"http:\/\/progroupe.net\/new\/?page_id=2364"},"modified":"2018-08-14T09:45:11","modified_gmt":"2018-08-14T07:45:11","slug":"smart-dredging","status":"publish","type":"page","link":"https:\/\/progroupe.net\/sk\/technologie\/smart-dredging\/","title":{"rendered":"SMART DREDGING"},"content":{"rendered":"<div class=\"wpb-content-wrapper\"><p>[vc_row css=&#8221;.vc_custom_1515969284011{margin-bottom: 100px !important;background-color: #f2f2f2 !important;}&#8221;][vc_column offset=&#8221;vc_col-lg-9 vc_col-md-9&#8243; css=&#8221;.vc_custom_1515970339184{padding-top: 15px !important;background-color: #ffffff !important;}&#8221;][vc_single_image source=&#8221;featured_image&#8221; img_size=&#8221;stm-image-1110&#215;550-croped&#8221; css=&#8221;.vc_custom_1519497857220{margin-bottom: 45px !important;}&#8221;][vc_custom_heading source=&#8221;post_title&#8221; use_theme_fonts=&#8221;yes&#8221; css=&#8221;.vc_custom_1515969488083{padding-right: 20px !important;padding-left: 20px !important;}&#8221;][vc_column_text css=&#8221;.vc_custom_1533552718504{margin-bottom: 25px !important;padding-right: 20px !important;padding-left: 20px !important;}&#8221;]<\/p>\n<h5><b>SMART DREDGING\u00ae tvor\u00ed \u0161pecifick\u00fd s\u00fabor senzorov, sn\u00edma\u010dov a riadiacich prvkov, ktor\u00e9 poskytuj\u00fa obsluhe sacieho bagra mno\u017estvo inform\u00e1ci\u00ed. V\u010faka itera\u010dn\u00fdm v\u00fdpo\u010dtom, vykon\u00e1van\u00fdm ka\u017ed\u00fa sekundu, sme schopn\u00ed o 50% zv\u00fd\u0161i\u0165 efektivitu \u0165a\u017eby dnov\u00fdch sedimentov oproti be\u017en\u00fdm sac\u00edm bagrom. Ako sme to dok\u00e1zali?<\/b><\/h5>\n<p><span style=\"font-weight: 400;\">S\u00fa\u010das\u0165ou SMART DREDGING je induk\u010dn\u00fd prietokomer a dvojica oteru odoln\u00fdch tlakomerov. Na z\u00e1klade z\u00edskan\u00fdch d\u00e1t je ka\u017ed\u00fa sekundu prepo\u010d\u00edtan\u00fd hydraulick\u00fd v\u00fdkon dod\u00e1van\u00fd do \u010derpanej hydrozmesi a z\u00e1rove\u0148 s\u00fa tlaky kontrolovan\u00e9 pre pr\u00edpad vzniku podtlakovej kavit\u00e1cie. V\u010faka tomu dostane obsluha sacieho bagra jednozna\u010dn\u00fa inform\u00e1ciu, ak\u00fa v\u00fdkonov\u00fa rezervu m\u00e1 na \u010derpanie k dispoz\u00edcii pre zaistenie maxim\u00e1lneho prietoku bez upchania potrubia. V\u00fdsledkom cel\u00e9ho procesu je vy\u0161\u0161\u00ed obsah pevn\u00fdch \u010dast\u00edc v hydrozmesi, a teda viac odbagrovan\u00e9ho sedimentu pri rovnakom mno\u017estve pre\u010derpanej suspenzie.<\/span><\/p>\n<p><span style=\"font-weight: 400;\">Pre sledovanie sektorov a h\u013abok ur\u010den\u00fdch pre \u0165a\u017ebu pou\u017e\u00edvame certifikovan\u00fd softv\u00e9r DREDGEPACK\u00ae, ktor\u00fd so s\u00faborom pozi\u010dn\u00fdch senzorov dok\u00e1\u017ee nie len ur\u010di\u0165 GPS polohu bagra s presnos\u0165ou 20 cm, ale s rovnakou presnos\u0165ou aj stanovi\u0165 polohu (vr\u00e1tane h\u013abky) fr\u00e9zovacej hlavice sacieho bagra. Ak je teda v revitalizovanej vodnej ploche lokalizovan\u00e1 oblas\u0165 s obmedzen\u00edm \u0165a\u017eby (z ekologick\u00fdch \u010di ekonomick\u00fdch d\u00f4vodov), v\u010faka SMART DREDGING syst\u00e9mu sa vieme danej oblasti vyhn\u00fa\u0165 s vysokou presnos\u0165ou.<\/span><\/p>\n<h5><strong>Technick\u00e9 detaily:<\/strong><\/h5>\n<ul>\n<li style=\"font-weight: 400;\"><strong>Celkov\u00fd po\u010det senzorov: 7<\/strong><\/li>\n<li style=\"font-weight: 400;\"><strong>Spojenie s technol\u00f3giou DESET: WiFi pripojenie<\/strong><\/li>\n<li style=\"font-weight: 400;\"><strong>Grafick\u00fd v\u00fdstup: 3D mapa bagrovanej oblasti<\/strong><\/li>\n<li style=\"font-weight: 400;\"><strong>Riadenie automatickej pre\u010derp\u00e1vacej stanice pre zv\u00fd\u0161enie dopravnej vzdialenosti<\/strong><\/li>\n<li style=\"font-weight: 400;\"><strong>Z\u00e1lohovanie v\u0161etk\u00fdch prev\u00e1dzkov\u00fdch d\u00e1t<\/strong><\/li>\n<\/ul>\n<p>[\/vc_column_text][vc_images_carousel images=&#8221;4136,4134&#8243; img_size=&#8221;full&#8221;][\/vc_column][vc_column width=&#8221;1\/4&#8243; offset=&#8221;vc_hidden-sm vc_hidden-xs&#8221;][stm_sidebar sidebar=&#8221;2144&#8243;][\/vc_column][\/vc_row][vc_row full_width=&#8221;stretch_row&#8221; css=&#8221;.vc_custom_1459505959648{margin-bottom: -60px !important;}&#8221; el_class=&#8221;third_bg_color&#8221;][vc_column][vc_cta h2=&#8221;Chcete vedie\u0165 viac? Op\u00fdtajte sa n\u00e1s.&#8221; h2_font_container=&#8221;font_size:20px|color:%23ffffff|line_height:24px&#8221; h2_use_theme_fonts=&#8221;yes&#8221; shape=&#8221;square&#8221; style=&#8221;flat&#8221; add_button=&#8221;right&#8221; btn_title=&#8221;Kontakt&#8221; btn_style=&#8221;flat&#8221; btn_color=&#8221;theme_style_2&#8243; btn_align=&#8221;right&#8221; btn_i_align=&#8221;right&#8221; btn_i_icon_fontawesome=&#8221;fa fa-chevron-right&#8221; use_custom_fonts_h2=&#8221;true&#8221; btn_add_icon=&#8221;true&#8221; btn_link=&#8221;url:%2Fkontakt%2F|||&#8221; el_class=&#8221;third_bg_color&#8221; css=&#8221;.vc_custom_1516014765186{margin-bottom: 0px !important;}&#8221;][\/vc_cta][\/vc_column][\/vc_row]<\/p>\n<\/div>","protected":false},"excerpt":{"rendered":"<p>[vc_row css=&#8221;.vc_custom_1515969284011{margin-bottom: 100px !important;background-color: #f2f2f2 !important;}&#8221;][vc_column offset=&#8221;vc_col-lg-9 vc_col-md-9&#8243; css=&#8221;.vc_custom_1515970339184{padding-top: 15px !important;background-color: #ffffff !important;}&#8221;][vc_single_image source=&#8221;featured_image&#8221; img_size=&#8221;stm-image-1110&#215;550-croped&#8221; css=&#8221;.vc_custom_1519497857220{margin-bottom: 45px !important;}&#8221;][vc_custom_heading source=&#8221;post_title&#8221; use_theme_fonts=&#8221;yes&#8221; css=&#8221;.vc_custom_1515969488083{padding-right: 20px !important;padding-left: 20px !important;}&#8221;][vc_column_text css=&#8221;.vc_custom_1533552718504{margin-bottom: 25px !important;padding-right: 20px !important;padding-left: 20px !important;}&#8221;] SMART DREDGING\u00ae tvor\u00ed \u0161pecifick\u00fd s\u00fabor senzorov, sn\u00edma\u010dov a riadiacich prvkov, ktor\u00e9 poskytuj\u00fa obsluhe sacieho bagra mno\u017estvo inform\u00e1ci\u00ed. V\u010faka itera\u010dn\u00fdm v\u00fdpo\u010dtom, vykon\u00e1van\u00fdm ka\u017ed\u00fa sekundu,<\/p>\n","protected":false},"author":1,"featured_media":3538,"parent":2189,"menu_order":0,"comment_status":"closed","ping_status":"closed","template":"","meta":[],"_links":{"self":[{"href":"https:\/\/progroupe.net\/sk\/wp-json\/wp\/v2\/pages\/2364"}],"collection":[{"href":"https:\/\/progroupe.net\/sk\/wp-json\/wp\/v2\/pages"}],"about":[{"href":"https:\/\/progroupe.net\/sk\/wp-json\/wp\/v2\/types\/page"}],"author":[{"embeddable":true,"href":"https:\/\/progroupe.net\/sk\/wp-json\/wp\/v2\/users\/1"}],"replies":[{"embeddable":true,"href":"https:\/\/progroupe.net\/sk\/wp-json\/wp\/v2\/comments?post=2364"}],"version-history":[{"count":16,"href":"https:\/\/progroupe.net\/sk\/wp-json\/wp\/v2\/pages\/2364\/revisions"}],"predecessor-version":[{"id":4237,"href":"https:\/\/progroupe.net\/sk\/wp-json\/wp\/v2\/pages\/2364\/revisions\/4237"}],"up":[{"embeddable":true,"href":"https:\/\/progroupe.net\/sk\/wp-json\/wp\/v2\/pages\/2189"}],"wp:featuredmedia":[{"embeddable":true,"href":"https:\/\/progroupe.net\/sk\/wp-json\/wp\/v2\/media\/3538"}],"wp:attachment":[{"href":"https:\/\/progroupe.net\/sk\/wp-json\/wp\/v2\/media?parent=2364"}],"curies":[{"name":"wp","href":"https:\/\/api.w.org\/{rel}","templated":true}]}}