{"id":2507,"date":"2018-01-24T14:32:32","date_gmt":"2018-01-24T13:32:32","guid":{"rendered":"http:\/\/progroupe.net\/new\/?page_id=2507"},"modified":"2023-07-11T09:10:34","modified_gmt":"2023-07-11T07:10:34","slug":"sacie-bagre","status":"publish","type":"page","link":"https:\/\/progroupe.net\/sk\/technologie\/sacie-bagre\/","title":{"rendered":"Sacie bagre"},"content":{"rendered":"<div class=\"wpb-content-wrapper\"><p>[vc_row css=&#8221;.vc_custom_1515969284011{margin-bottom: 100px !important;background-color: #f2f2f2 !important;}&#8221;][vc_column offset=&#8221;vc_col-lg-9 vc_col-md-9&#8243; css=&#8221;.vc_custom_1515970339184{padding-top: 15px !important;background-color: #ffffff !important;}&#8221;][vc_single_image source=&#8221;featured_image&#8221; img_size=&#8221;stm-image-1110&#215;550-croped&#8221; css=&#8221;.vc_custom_1519498088361{margin-bottom: 45px !important;}&#8221;][vc_custom_heading source=&#8221;post_title&#8221; use_theme_fonts=&#8221;yes&#8221; css=&#8221;.vc_custom_1515969488083{padding-right: 20px !important;padding-left: 20px !important;}&#8221;][vc_column_text css=&#8221;.vc_custom_1689059427920{margin-bottom: 25px !important;padding-right: 20px !important;padding-left: 20px !important;}&#8221;]<\/p>\n<h5><strong>Sacie bagre spolo\u010dnosti PROGROUPE sl\u00fa\u017eia na odstra\u0148ovanie a \u0165a\u017ebu dnov\u00fdch sedimentov z vodn\u00fdch pl\u00f4ch.<\/strong><\/h5>\n<p>Na\u0161e pl\u00e1vaj\u00face sacie bagre s\u00fa k dispoz\u00edcii v r\u00f4znych ve\u013ekostiach. S\u00fa vybaven\u00e9 rozmanit\u00fdm pr\u00edslu\u0161enstvom tak, aby vyhoveli po\u017eiadavkam takmer ka\u017ed\u00e9ho projektu.<\/p>\n<p>Pre zv\u00fd\u0161enie efektivity pr\u00e1ce s\u00fa bagre vybaven\u00e9 syst\u00e9mom SMART DREDGING, ktor\u00fd tvor\u00ed s\u00fabor senzorov, prietokomerov a tlakomerov. Certifikovan\u00fd softv\u00e9r\u00a0DREDGEPACK\u00ae ur\u010duje GPS polohu bagra a fr\u00e9zovacej hlavice, vr\u00e1tane jej h\u013abky.<\/p>\n<p>Preh\u013ead na\u0161ich sac\u00edch bagrov:[\/vc_column_text][vc_tta_accordion][vc_tta_section title=&#8221;DredgeKing PERM&#8221; tab_id=&#8221;1520966529037-e2c24fc3-0bb4&#8243;][vc_column_text]N\u00e1\u0161 najv\u00e4\u010d\u0161\u00ed a najv\u00fdkonnej\u0161\u00ed sac\u00ed bager je pomenovan\u00fd po geologickom obdob\u00ed prvoh\u00f4r. T\u00fdm nenar\u00e1\u017eame na jeho vek, ale na mohutnos\u0165 a silu, ktor\u00e1 sa v \u0148om skr\u00fdva. Ak vy\u017eadujete silu a stabilitu, PERM je sac\u00ed bager pre V\u00e1\u0161 projekt&#8230;<a href=\"https:\/\/progroupe.net\/sk\/technologie\/dredgeking-perm\/\">viac<\/a><\/p>\n<p><img decoding=\"async\" loading=\"lazy\" class=\"alignnone wp-image-3999\" src=\"https:\/\/progroupe.net\/wp-content\/uploads\/2018\/06\/perm-upr.jpg\" alt=\"\" width=\"883\" height=\"368\" srcset=\"https:\/\/progroupe.net\/wp-content\/uploads\/2018\/06\/perm-upr.jpg 960w, https:\/\/progroupe.net\/wp-content\/uploads\/2018\/06\/perm-upr-300x125.jpg 300w, https:\/\/progroupe.net\/wp-content\/uploads\/2018\/06\/perm-upr-768x320.jpg 768w, https:\/\/progroupe.net\/wp-content\/uploads\/2018\/06\/perm-upr-20x8.jpg 20w, https:\/\/progroupe.net\/wp-content\/uploads\/2018\/06\/perm-upr-600x250.jpg 600w\" sizes=\"(max-width: 883px) 100vw, 883px\" \/>[\/vc_column_text][\/vc_tta_section][vc_tta_section title=&#8221;TrexDuke IPEL&#8221; tab_id=&#8221;1520966529085-a13918cc-41da&#8221;][vc_column_text]Sac\u00ed bager schopn\u00fd v\u00fdkonom konkurova\u0165 PERMU s v\u00fdhodou p\u00e1sov\u00e9ho pohonu sme pomenovali po Slovenskej rieke Ipe\u013e. Ipe\u013e, prameniaci vo Veporsk\u00fdch vrchoch, te\u010die po hranici okresu Levice s Ma\u010farskom. V rovnakom okrese je aj domovsk\u00e1 z\u00e1klad\u0148a n\u00e1\u0161ho v\u0161etrann\u00e9ho oboj\u017eiveln\u00e9ho bagra&#8230;<a href=\"https:\/\/progroupe.net\/sk\/technologie\/trexduke-ipel\/\">viac<\/a><\/p>\n<p><img decoding=\"async\" loading=\"lazy\" class=\"alignnone wp-image-4104\" src=\"https:\/\/progroupe.net\/wp-content\/uploads\/2018\/07\/iepl.jpg\" alt=\"\" width=\"883\" height=\"368\" srcset=\"https:\/\/progroupe.net\/wp-content\/uploads\/2018\/07\/iepl.jpg 960w, https:\/\/progroupe.net\/wp-content\/uploads\/2018\/07\/iepl-300x125.jpg 300w, https:\/\/progroupe.net\/wp-content\/uploads\/2018\/07\/iepl-768x320.jpg 768w, https:\/\/progroupe.net\/wp-content\/uploads\/2018\/07\/iepl-20x8.jpg 20w, https:\/\/progroupe.net\/wp-content\/uploads\/2018\/07\/iepl-600x250.jpg 600w\" sizes=\"(max-width: 883px) 100vw, 883px\" \/>[\/vc_column_text][\/vc_tta_section][vc_tta_section title=&#8221;DredgePrince LABOREC&#8221; tab_id=&#8221;1522065602410-341fb162-fa19&#8243;][vc_column_text]V\u00fdchodoslovensk\u00e1 rieka dala meno n\u00e1\u0161mu najmen\u0161iemu, ale naj\u0161ikovnej\u0161iemu bagr\u00edku. V\u010faka prevozu na voz\u00edku za osobn\u00fdm autom s\u00fa dopravn\u00e9 n\u00e1klady LABOREC-a takmer zanedbate\u013en\u00e9. Mal\u00fd pracant je tak k dispoz\u00edcii pre projekty po \u00fazem\u00ed V4 za ve\u013emi v\u00fdhodn\u00fdch cenov\u00fdch podmienok&#8230;<a href=\"https:\/\/progroupe.net\/sk\/technologie\/dredgeking-perm-2\/\">viac<\/a><\/p>\n<p><img decoding=\"async\" loading=\"lazy\" class=\"alignnone wp-image-3774\" src=\"https:\/\/progroupe.net\/wp-content\/uploads\/2018\/05\/Dredger-Prince-rental.jpg\" alt=\"\" width=\"883\" height=\"368\" srcset=\"https:\/\/progroupe.net\/wp-content\/uploads\/2018\/05\/Dredger-Prince-rental.jpg 960w, https:\/\/progroupe.net\/wp-content\/uploads\/2018\/05\/Dredger-Prince-rental-300x125.jpg 300w, https:\/\/progroupe.net\/wp-content\/uploads\/2018\/05\/Dredger-Prince-rental-768x320.jpg 768w, https:\/\/progroupe.net\/wp-content\/uploads\/2018\/05\/Dredger-Prince-rental-20x8.jpg 20w, https:\/\/progroupe.net\/wp-content\/uploads\/2018\/05\/Dredger-Prince-rental-600x250.jpg 600w\" sizes=\"(max-width: 883px) 100vw, 883px\" \/>[\/vc_column_text][\/vc_tta_section][vc_tta_section title=&#8221;Pre\u010derp\u00e1vacia stanica&#8221; tab_id=&#8221;1522142569012-40753ef9-4c2d&#8221;][vc_column_text]Aj ke\u010f sacie bagre maj\u00fa \u010dasto vysok\u00fd v\u00fdkon, nie v\u017edy s\u00fa schopn\u00e9 pokry\u0165 po\u017eiadavky projektu v zmysle maxim\u00e1lnej nutnej dopravnej vzdialenosti. Pre vyrie\u0161enie probl\u00e9mu nedostato\u010dnej dopravnej vzdialenosti sacieho bagra sme navrhli vlastn\u00fd model pre\u010derp\u00e1vacej stanice&#8230;<a href=\"https:\/\/progroupe.net\/sk\/technologie\/precerpavacia-stanica\/\">viac<\/a>[\/vc_column_text][\/vc_tta_section][vc_tta_section title=&#8221;SMART DREDGING&#8221; tab_id=&#8221;1522142736707-a1f4ea37-903e&#8221;][vc_column_text]Tvor\u00ed \u0161pecifick\u00fd s\u00fabor senzorov, sn\u00edma\u010dov a riadiacich prvkov, ktor\u00e9 poskytuj\u00fa obsluhe sacieho bagra mno\u017estvo inform\u00e1ci\u00ed. V\u010faka itera\u010dn\u00fdm v\u00fdpo\u010dtom, vykon\u00e1van\u00fdm ka\u017ed\u00fa sekundu, sme schopn\u00ed o 50% zv\u00fd\u0161i\u0165 efektivitu \u0165a\u017eby dnov\u00fdch sedimentov oproti be\u017en\u00fdm sac\u00edm bagrom&#8230;<a href=\"https:\/\/progroupe.net\/sk\/technologie\/smart-dredging\/\">viac<\/a><\/p>\n<p><img decoding=\"async\" loading=\"lazy\" class=\"alignnone wp-image-4134\" src=\"https:\/\/progroupe.net\/wp-content\/uploads\/2018\/07\/gps.jpg\" alt=\"\" width=\"883\" height=\"368\" srcset=\"https:\/\/progroupe.net\/wp-content\/uploads\/2018\/07\/gps.jpg 960w, https:\/\/progroupe.net\/wp-content\/uploads\/2018\/07\/gps-300x125.jpg 300w, https:\/\/progroupe.net\/wp-content\/uploads\/2018\/07\/gps-768x320.jpg 768w, https:\/\/progroupe.net\/wp-content\/uploads\/2018\/07\/gps-20x8.jpg 20w, https:\/\/progroupe.net\/wp-content\/uploads\/2018\/07\/gps-600x250.jpg 600w\" sizes=\"(max-width: 883px) 100vw, 883px\" \/>[\/vc_column_text][\/vc_tta_section][\/vc_tta_accordion][vc_column_text][\/vc_column_text][\/vc_column][vc_column width=&#8221;1\/4&#8243; offset=&#8221;vc_hidden-sm vc_hidden-xs&#8221;][stm_sidebar sidebar=&#8221;2144&#8243;][\/vc_column][\/vc_row][vc_row full_width=&#8221;stretch_row&#8221; css=&#8221;.vc_custom_1459505959648{margin-bottom: -60px !important;}&#8221; el_class=&#8221;third_bg_color&#8221;][vc_column][vc_cta h2=&#8221;Chcete vedie\u0165 viac? Op\u00fdtajte sa n\u00e1s.&#8221; h2_font_container=&#8221;font_size:20px|color:%23ffffff|line_height:24px&#8221; h2_use_theme_fonts=&#8221;yes&#8221; shape=&#8221;square&#8221; style=&#8221;flat&#8221; add_button=&#8221;right&#8221; btn_title=&#8221;Kontakt&#8221; btn_style=&#8221;flat&#8221; btn_color=&#8221;theme_style_2&#8243; btn_align=&#8221;right&#8221; btn_i_align=&#8221;right&#8221; btn_i_icon_fontawesome=&#8221;fa fa-chevron-right&#8221; use_custom_fonts_h2=&#8221;true&#8221; btn_add_icon=&#8221;true&#8221; btn_link=&#8221;url:%2Fkontakt%2F|||&#8221; el_class=&#8221;third_bg_color&#8221; css=&#8221;.vc_custom_1516014765186{margin-bottom: 0px !important;}&#8221;][\/vc_cta][\/vc_column][\/vc_row]<\/p>\n<\/div>","protected":false},"excerpt":{"rendered":"<p>[vc_row css=&#8221;.vc_custom_1515969284011{margin-bottom: 100px !important;background-color: #f2f2f2 !important;}&#8221;][vc_column offset=&#8221;vc_col-lg-9 vc_col-md-9&#8243; css=&#8221;.vc_custom_1515970339184{padding-top: 15px !important;background-color: #ffffff !important;}&#8221;][vc_single_image source=&#8221;featured_image&#8221; img_size=&#8221;stm-image-1110&#215;550-croped&#8221; css=&#8221;.vc_custom_1519498088361{margin-bottom: 45px !important;}&#8221;][vc_custom_heading source=&#8221;post_title&#8221; use_theme_fonts=&#8221;yes&#8221; css=&#8221;.vc_custom_1515969488083{padding-right: 20px !important;padding-left: 20px !important;}&#8221;][vc_column_text css=&#8221;.vc_custom_1689059427920{margin-bottom: 25px !important;padding-right: 20px !important;padding-left: 20px !important;}&#8221;] Sacie bagre spolo\u010dnosti PROGROUPE sl\u00fa\u017eia na odstra\u0148ovanie a \u0165a\u017ebu dnov\u00fdch sedimentov z vodn\u00fdch pl\u00f4ch. Na\u0161e pl\u00e1vaj\u00face sacie bagre s\u00fa k dispoz\u00edcii v r\u00f4znych<\/p>\n","protected":false},"author":2,"featured_media":3513,"parent":2189,"menu_order":0,"comment_status":"closed","ping_status":"closed","template":"","meta":[],"_links":{"self":[{"href":"https:\/\/progroupe.net\/sk\/wp-json\/wp\/v2\/pages\/2507"}],"collection":[{"href":"https:\/\/progroupe.net\/sk\/wp-json\/wp\/v2\/pages"}],"about":[{"href":"https:\/\/progroupe.net\/sk\/wp-json\/wp\/v2\/types\/page"}],"author":[{"embeddable":true,"href":"https:\/\/progroupe.net\/sk\/wp-json\/wp\/v2\/users\/2"}],"replies":[{"embeddable":true,"href":"https:\/\/progroupe.net\/sk\/wp-json\/wp\/v2\/comments?post=2507"}],"version-history":[{"count":31,"href":"https:\/\/progroupe.net\/sk\/wp-json\/wp\/v2\/pages\/2507\/revisions"}],"predecessor-version":[{"id":10287,"href":"https:\/\/progroupe.net\/sk\/wp-json\/wp\/v2\/pages\/2507\/revisions\/10287"}],"up":[{"embeddable":true,"href":"https:\/\/progroupe.net\/sk\/wp-json\/wp\/v2\/pages\/2189"}],"wp:featuredmedia":[{"embeddable":true,"href":"https:\/\/progroupe.net\/sk\/wp-json\/wp\/v2\/media\/3513"}],"wp:attachment":[{"href":"https:\/\/progroupe.net\/sk\/wp-json\/wp\/v2\/media?parent=2507"}],"curies":[{"name":"wp","href":"https:\/\/api.w.org\/{rel}","templated":true}]}}