{"id":2757,"date":"2018-03-05T10:10:06","date_gmt":"2018-03-05T09:10:06","guid":{"rendered":"http:\/\/progroupe.net\/new\/?page_id=2757"},"modified":"2021-02-03T14:32:37","modified_gmt":"2021-02-03T13:32:37","slug":"dredgeprince-laborec","status":"publish","type":"page","link":"https:\/\/progroupe.net\/sk\/technologie\/dredgeprince-laborec\/","title":{"rendered":"DredgePrince LABOREC"},"content":{"rendered":"<div class=\"wpb-content-wrapper\"><p>[vc_row css=&#8221;.vc_custom_1515969284011{margin-bottom: 100px !important;background-color: #f2f2f2 !important;}&#8221;][vc_column offset=&#8221;vc_col-lg-9 vc_col-md-9&#8243; css=&#8221;.vc_custom_1515970339184{padding-top: 15px !important;background-color: #ffffff !important;}&#8221;][vc_single_image source=&#8221;featured_image&#8221; img_size=&#8221;stm-image-1110&#215;550-croped&#8221; css=&#8221;.vc_custom_1519500039311{margin-bottom: 45px !important;}&#8221;][vc_custom_heading source=&#8221;post_title&#8221; use_theme_fonts=&#8221;yes&#8221; css=&#8221;.vc_custom_1515969488083{padding-right: 20px !important;padding-left: 20px !important;}&#8221;][vc_column_text css=&#8221;.vc_custom_1612359152479{margin-bottom: 25px !important;padding-right: 20px !important;padding-left: 20px !important;}&#8221;]<\/p>\n<h5>DredgePrince LABOREC je najnov\u0161\u00ed pr\u00edrastok do na\u0161ej flotily multifunk\u010dn\u00fdch strojov pre \u00fadr\u017ebu vodn\u00fdch pl\u00f4ch. Jeho \u0161pecifikom s\u00fa kompaktn\u00e9 rozmery a n\u00edzka hmotnos\u0165, v\u010faka \u010domu ho m\u00f4\u017eeme jednoducho prepravova\u0165 na pr\u00edvesnom voz\u00edku za osobn\u00fdm autom. Tento fakt v\u00fdrazne redukuje n\u00e1klady na <a href=\"https:\/\/progroupe.net\/sk\/sluzby\/udrzba-vodnych-ploch\/\">\u00fadr\u017ebu mal\u00fdch vodn\u00fdch pl\u00f4ch a ich okolia<\/a>.<b><br \/>\n<\/b><\/h5>\n<p>Aj napriek mal\u00fdm rozmerom a ni\u017e\u0161iemu v\u00fdkonu DredgePrince nezaost\u00e1va za ostatn\u00fdmi bagrami v mno\u017estve pr\u00e1c, ktor\u00e9 dok\u00e1\u017ee zast\u00fapi\u0165. \u0160irok\u00e1 paleta pr\u00edslu\u0161enstva zah\u0155\u0148a napr. hydraulick\u00fa kosu v tvare T, hrable, stabiliza\u010dn\u00e9 nohy, fr\u00e9zovaciu hlavu so \u0161irok\u00fdm z\u00e1berom a bagrovac\u00edm \u010derpadlom a in\u00e9.<\/p>\n<p>N\u00edzky ponor a lodn\u00e1 skrutka s \u00fapravou proti namotaniu rastlinstva n\u00e1m umo\u017e\u0148uj\u00fa pracova\u0165 v \u0165a\u017ek\u00fdch podmienkach. DredgePrince sa pre dosiahnutie svojho maxim\u00e1lneho v\u00fdkonu spolieha na overen\u00fd dieslov\u00fd motor Yanmar a hydraulick\u00e9 rozvody s biodegradovate\u013en\u00fdm olejom.<\/p>\n<p>DredgePrince, rovnako ako ostatn\u00e9 na\u0161e bagre, m\u00f4\u017ee by\u0165 vybaven\u00fd syst\u00e9mom SMART DREDGING.<\/p>\n<h5><strong>Technick\u00e9 detaily:<\/strong><\/h5>\n<p><strong><span style=\"font-size: 10pt;\">\u00b7 \u00a0\u00a0\u00a0\u00a0\u00a0 Dieselov\u00fd motor Yanmar, 33 kW<\/span><\/strong><\/p>\n<p><strong><span style=\"font-size: 10pt;\">\u00b7 \u00a0\u00a0\u00a0\u00a0\u00a0 Maxim\u00e1lna h\u013abka \u0165a\u017eby: 2 m<\/span><\/strong><\/p>\n<p><strong><span style=\"font-size: 10pt;\">\u00b7\u00a0 \u00a0 \u00a0 \u00a0Maxim\u00e1lna h\u013abka kosenia: 2,5 &#8211; 3 m<\/span><\/strong><\/p>\n<p><strong><span style=\"font-size: 10pt;\">\u00b7 \u00a0\u00a0\u00a0\u00a0\u00a0 Maxim\u00e1lny v\u00fdkon \u010derpadla: 125 m\u00b3\/h kalu<\/span><\/strong><\/p>\n<p><strong><span style=\"font-size: 10pt;\">\u00b7 \u00a0\u00a0\u00a0\u00a0\u00a0 Dopravn\u00e1 vzdialenos\u0165: do 600 m<\/span><\/strong><\/p>\n<p><strong><span style=\"font-size: 10pt;\">\u00b7 \u00a0\u00a0\u00a0\u00a0\u00a0 Vymenite\u013en\u00e9 n\u00e1sady pre \u0165a\u017ebu a servisn\u00e9 pr\u00e1ce na vodnej ploche<\/span><\/strong><\/p>\n<p><strong><span style=\"font-size: 10pt;\">\u00b7 \u00a0\u00a0\u00a0\u00a0\u00a0 Kosenie a zber vodn\u00e9ho rastlinstva<\/span><\/strong><\/p>\n<p><strong><span style=\"font-size: 10pt;\">\u00b7 \u00a0\u00a0\u00a0\u00a0\u00a0 Pou\u017eit\u00fd biologicky odb\u00farate\u013en\u00fd hydraulick\u00fd olej Panolin<\/span><\/strong><\/p>\n<p><strong><span style=\"font-size: 10pt;\">\u00b7 \u00a0\u00a0\u00a0\u00a0\u00a0 Implementovan\u00fd syst\u00e9m SMART DREDGING <i>(volite\u013en\u00e9)<\/i><i><\/i><\/span><\/strong><\/p>\n<p><strong><span style=\"font-size: 10pt;\">\u00b7 \u00a0\u00a0\u00a0\u00a0\u00a0 Implementovan\u00fd syst\u00e9m DEWASYS <i>(volite\u013en\u00e9)<\/i><\/span><\/strong>[\/vc_column_text][vc_images_carousel images=&#8221;4088,4432,4072,4312,3765,3774,4333,4335,4430&#8243; img_size=&#8221;full&#8221;][\/vc_column][vc_column width=&#8221;1\/4&#8243; offset=&#8221;vc_hidden-sm vc_hidden-xs&#8221;][stm_sidebar sidebar=&#8221;2144&#8243;][\/vc_column][\/vc_row][vc_row full_width=&#8221;stretch_row&#8221; css=&#8221;.vc_custom_1459505959648{margin-bottom: -60px !important;}&#8221; el_class=&#8221;third_bg_color&#8221;][vc_column][vc_cta h2=&#8221;Chcete vedie\u0165 viac? Op\u00fdtajte sa n\u00e1s.&#8221; h2_font_container=&#8221;font_size:20px|color:%23ffffff|line_height:24px&#8221; h2_use_theme_fonts=&#8221;yes&#8221; shape=&#8221;square&#8221; style=&#8221;flat&#8221; add_button=&#8221;right&#8221; btn_title=&#8221;Kontakt&#8221; btn_style=&#8221;flat&#8221; btn_color=&#8221;theme_style_2&#8243; btn_align=&#8221;right&#8221; btn_i_align=&#8221;right&#8221; btn_i_icon_fontawesome=&#8221;fa fa-chevron-right&#8221; use_custom_fonts_h2=&#8221;true&#8221; btn_add_icon=&#8221;true&#8221; btn_link=&#8221;url:%2Fkontakt%2F|||&#8221; el_class=&#8221;third_bg_color&#8221; css=&#8221;.vc_custom_1516014765186{margin-bottom: 0px !important;}&#8221;][\/vc_cta][\/vc_column][\/vc_row]<\/p>\n<\/div>","protected":false},"excerpt":{"rendered":"<p>[vc_row css=&#8221;.vc_custom_1515969284011{margin-bottom: 100px !important;background-color: #f2f2f2 !important;}&#8221;][vc_column offset=&#8221;vc_col-lg-9 vc_col-md-9&#8243; css=&#8221;.vc_custom_1515970339184{padding-top: 15px !important;background-color: #ffffff !important;}&#8221;][vc_single_image source=&#8221;featured_image&#8221; img_size=&#8221;stm-image-1110&#215;550-croped&#8221; css=&#8221;.vc_custom_1519500039311{margin-bottom: 45px !important;}&#8221;][vc_custom_heading source=&#8221;post_title&#8221; use_theme_fonts=&#8221;yes&#8221; css=&#8221;.vc_custom_1515969488083{padding-right: 20px !important;padding-left: 20px !important;}&#8221;][vc_column_text css=&#8221;.vc_custom_1612359152479{margin-bottom: 25px !important;padding-right: 20px !important;padding-left: 20px !important;}&#8221;] DredgePrince LABOREC je najnov\u0161\u00ed pr\u00edrastok do na\u0161ej flotily multifunk\u010dn\u00fdch strojov pre \u00fadr\u017ebu vodn\u00fdch pl\u00f4ch. Jeho \u0161pecifikom s\u00fa kompaktn\u00e9 rozmery a n\u00edzka hmotnos\u0165, v\u010faka<\/p>\n","protected":false},"author":2,"featured_media":4332,"parent":2189,"menu_order":0,"comment_status":"closed","ping_status":"closed","template":"","meta":[],"_links":{"self":[{"href":"https:\/\/progroupe.net\/sk\/wp-json\/wp\/v2\/pages\/2757"}],"collection":[{"href":"https:\/\/progroupe.net\/sk\/wp-json\/wp\/v2\/pages"}],"about":[{"href":"https:\/\/progroupe.net\/sk\/wp-json\/wp\/v2\/types\/page"}],"author":[{"embeddable":true,"href":"https:\/\/progroupe.net\/sk\/wp-json\/wp\/v2\/users\/2"}],"replies":[{"embeddable":true,"href":"https:\/\/progroupe.net\/sk\/wp-json\/wp\/v2\/comments?post=2757"}],"version-history":[{"count":23,"href":"https:\/\/progroupe.net\/sk\/wp-json\/wp\/v2\/pages\/2757\/revisions"}],"predecessor-version":[{"id":9260,"href":"https:\/\/progroupe.net\/sk\/wp-json\/wp\/v2\/pages\/2757\/revisions\/9260"}],"up":[{"embeddable":true,"href":"https:\/\/progroupe.net\/sk\/wp-json\/wp\/v2\/pages\/2189"}],"wp:featuredmedia":[{"embeddable":true,"href":"https:\/\/progroupe.net\/sk\/wp-json\/wp\/v2\/media\/4332"}],"wp:attachment":[{"href":"https:\/\/progroupe.net\/sk\/wp-json\/wp\/v2\/media?parent=2757"}],"curies":[{"name":"wp","href":"https:\/\/api.w.org\/{rel}","templated":true}]}}