{"id":377,"date":"2016-01-07T04:23:21","date_gmt":"2016-01-07T03:23:21","guid":{"rendered":"http:\/\/consulting.stylemixthemes.com\/?page_id=377"},"modified":"2021-06-25T10:23:24","modified_gmt":"2021-06-25T08:23:24","slug":"historia-spolocnosti","status":"publish","type":"page","link":"https:\/\/progroupe.net\/sk\/historia-spolocnosti\/","title":{"rendered":"Hist\u00f3ria"},"content":{"rendered":"<div class=\"wpb-content-wrapper\"><p>[vc_row css=&#8221;.vc_custom_1459505865030{margin-bottom: 100px !important;}&#8221;][vc_column width=&#8221;3\/4&#8243;][vc_single_image source=&#8221;featured_image&#8221; img_size=&#8221;full&#8221;][vc_column_text css=&#8221;.vc_custom_1521801780581{margin-bottom: 50px !important;}&#8221;]<\/p>\n<h2>Hist\u00f3ria spolo\u010dnosti<\/h2>\n<p>Spolo\u010dnos\u0165 PROGROUPE m\u00e1 roky praktick\u00fdch sk\u00fasenost\u00ed v odvetv\u00ed \u010distenia a \u00fadr\u017eby vodn\u00fdch pl\u00f4ch. V\u010faka n\u00e1\u0161mu t\u00edmu sme v danom odvetv\u00ed priekopn\u00edkmi a inovat\u00ednou hnacou silou.[\/vc_column_text][vc_single_image image=&#8221;3916&#8243; img_size=&#8221;full&#8221; alignment=&#8221;center&#8221;][vc_single_image image=&#8221;3918&#8243; img_size=&#8221;full&#8221; alignment=&#8221;center&#8221;][vc_single_image image=&#8221;3920&#8243; img_size=&#8221;full&#8221; alignment=&#8221;center&#8221;][\/vc_column][vc_column width=&#8221;1\/4&#8243;][stm_sidebar sidebar=&#8221;3549&#8243;][\/vc_column][\/vc_row][vc_row full_width=&#8221;stretch_row&#8221; css=&#8221;.vc_custom_1459505959648{margin-bottom: -60px !important;}&#8221; el_class=&#8221;third_bg_color&#8221;][vc_column][vc_cta h2=&#8221;H\u013ead\u00e1te spo\u013eahliv\u00e9ho partnera pre projekt odstr\u00e1nenia sedimentov?&#8221; h2_font_container=&#8221;font_size:20px|color:%23ffffff|line_height:24px&#8221; h2_use_theme_fonts=&#8221;yes&#8221; shape=&#8221;square&#8221; style=&#8221;flat&#8221; add_button=&#8221;right&#8221; btn_title=&#8221;get a quote&#8221; btn_style=&#8221;flat&#8221; btn_color=&#8221;theme_style_2&#8243; btn_align=&#8221;right&#8221; btn_i_align=&#8221;right&#8221; btn_i_icon_fontawesome=&#8221;fa fa-chevron-right&#8221; use_custom_fonts_h2=&#8221;true&#8221; btn_add_icon=&#8221;true&#8221; btn_link=&#8221;url:%23||&#8221; el_class=&#8221;third_bg_color&#8221; css=&#8221;.vc_custom_1522152989934{margin-bottom: 0px !important;}&#8221;][\/vc_cta][\/vc_column][\/vc_row]<\/p>\n<\/div>","protected":false},"excerpt":{"rendered":"<p>[vc_row css=&#8221;.vc_custom_1459505865030{margin-bottom: 100px !important;}&#8221;][vc_column width=&#8221;3\/4&#8243;][vc_single_image source=&#8221;featured_image&#8221; img_size=&#8221;full&#8221;][vc_column_text css=&#8221;.vc_custom_1521801780581{margin-bottom: 50px !important;}&#8221;] Hist\u00f3ria spolo\u010dnosti Spolo\u010dnos\u0165 PROGROUPE m\u00e1 roky praktick\u00fdch sk\u00fasenost\u00ed v odvetv\u00ed \u010distenia a \u00fadr\u017eby vodn\u00fdch pl\u00f4ch. V\u010faka n\u00e1\u0161mu t\u00edmu sme v danom odvetv\u00ed priekopn\u00edkmi a inovat\u00ednou hnacou silou.[\/vc_column_text][vc_single_image image=&#8221;3916&#8243; img_size=&#8221;full&#8221; alignment=&#8221;center&#8221;][vc_single_image image=&#8221;3918&#8243; img_size=&#8221;full&#8221; alignment=&#8221;center&#8221;][vc_single_image image=&#8221;3920&#8243; img_size=&#8221;full&#8221; alignment=&#8221;center&#8221;][\/vc_column][vc_column width=&#8221;1\/4&#8243;][stm_sidebar sidebar=&#8221;3549&#8243;][\/vc_column][\/vc_row][vc_row full_width=&#8221;stretch_row&#8221; css=&#8221;.vc_custom_1459505959648{margin-bottom: -60px !important;}&#8221; el_class=&#8221;third_bg_color&#8221;][vc_column][vc_cta h2=&#8221;H\u013ead\u00e1te spo\u013eahliv\u00e9ho<\/p>\n","protected":false},"author":1,"featured_media":1855,"parent":0,"menu_order":0,"comment_status":"closed","ping_status":"closed","template":"","meta":[],"_links":{"self":[{"href":"https:\/\/progroupe.net\/sk\/wp-json\/wp\/v2\/pages\/377"}],"collection":[{"href":"https:\/\/progroupe.net\/sk\/wp-json\/wp\/v2\/pages"}],"about":[{"href":"https:\/\/progroupe.net\/sk\/wp-json\/wp\/v2\/types\/page"}],"author":[{"embeddable":true,"href":"https:\/\/progroupe.net\/sk\/wp-json\/wp\/v2\/users\/1"}],"replies":[{"embeddable":true,"href":"https:\/\/progroupe.net\/sk\/wp-json\/wp\/v2\/comments?post=377"}],"version-history":[{"count":51,"href":"https:\/\/progroupe.net\/sk\/wp-json\/wp\/v2\/pages\/377\/revisions"}],"predecessor-version":[{"id":9782,"href":"https:\/\/progroupe.net\/sk\/wp-json\/wp\/v2\/pages\/377\/revisions\/9782"}],"wp:featuredmedia":[{"embeddable":true,"href":"https:\/\/progroupe.net\/sk\/wp-json\/wp\/v2\/media\/1855"}],"wp:attachment":[{"href":"https:\/\/progroupe.net\/sk\/wp-json\/wp\/v2\/media?parent=377"}],"curies":[{"name":"wp","href":"https:\/\/api.w.org\/{rel}","templated":true}]}}